{"id":40,"date":"2026-04-25T09:15:40","date_gmt":"2026-04-25T09:15:40","guid":{"rendered":"http:\/\/ertelgrup.com\/?page_id=40"},"modified":"2026-05-03T19:50:31","modified_gmt":"2026-05-03T19:50:31","slug":"ana-sayfa","status":"publish","type":"page","link":"https:\/\/ertelgrup.com\/","title":{"rendered":"Ana Sayfa"},"content":{"rendered":"\t\t<div data-elementor-type=\"wp-page\" data-elementor-id=\"40\" class=\"elementor elementor-40\">\n\t\t\t\t<div class=\"elementor-element elementor-element-6ff6f16 e-flex e-con-boxed e-con e-parent\" data-id=\"6ff6f16\" data-element_type=\"container\" data-e-type=\"container\" data-settings=\"{&quot;background_background&quot;:&quot;classic&quot;}\">\n\t\t\t\t\t<div class=\"e-con-inner\">\n\t\t\t\t<div class=\"elementor-element elementor-element-536d468 elementor-widget elementor-widget-heading\" data-id=\"536d468\" data-element_type=\"widget\" data-e-type=\"widget\" data-widget_type=\"heading.default\">\n\t\t\t\t\t<h2 class=\"elementor-heading-title elementor-size-default\">G\u00fcvenilir Personel Temini ve Lojistik Destek Hizmetleri<\/h2>\t\t\t\t<\/div>\n\t\t\t\t<div class=\"elementor-element elementor-element-2f102fc elementor-widget elementor-widget-heading\" data-id=\"2f102fc\" data-element_type=\"widget\" data-e-type=\"widget\" data-widget_type=\"heading.default\">\n\t\t\t\t\t<h2 class=\"elementor-heading-title elementor-size-default\">Ertel Grup, i\u015fletmelerin ihtiya\u00e7 duydu\u011fu personel, lojistik ve saha destek \u00e7\u00f6z\u00fcmlerini g\u00fcvenilir ve d\u00fczenli bir hizmet anlay\u0131\u015f\u0131yla sunar. Kurumsal firmalara y\u00f6nelik esnek, h\u0131zl\u0131 ve profesyonel destek sa\u011flar.<\/h2>\t\t\t\t<\/div>\n\t\t\t\t\t<\/div>\n\t\t\t\t<\/div>\n\t\t<div class=\"elementor-element elementor-element-ce15221 e-con-full e-flex e-con e-parent\" data-id=\"ce15221\" data-element_type=\"container\" data-e-type=\"container\" data-settings=\"{&quot;background_background&quot;:&quot;classic&quot;}\">\n\t\t<div class=\"elementor-element elementor-element-116c066 e-con-full e-flex e-con e-child\" data-id=\"116c066\" data-element_type=\"container\" data-e-type=\"container\">\n\t\t\t\t<div class=\"elementor-element elementor-element-b2a9f12 elementor-widget elementor-widget-heading\" data-id=\"b2a9f12\" data-element_type=\"widget\" data-e-type=\"widget\" data-widget_type=\"heading.default\">\n\t\t\t\t\t<h2 class=\"elementor-heading-title elementor-size-default\"><p data-start=\"57\" data-end=\"81\"><strong data-start=\"57\" data-end=\"81\">Faaliyet Alanlar\u0131m\u0131z<\/strong><span style=\"letter-spacing: 0px\"><\/span><\/p><\/h2>\t\t\t\t<\/div>\n\t\t\t\t<div class=\"elementor-element elementor-element-5d2269a elementor-widget elementor-widget-heading\" data-id=\"5d2269a\" data-element_type=\"widget\" data-e-type=\"widget\" data-widget_type=\"heading.default\">\n\t\t\t\t\t<h2 class=\"elementor-heading-title elementor-size-default\">Ertel Grup, farkl\u0131 sekt\u00f6rlerdeki i\u015fletmelerin saha ve operasyonel destek ihtiya\u00e7lar\u0131na y\u00f6nelik \u00e7\u00f6z\u00fcmler sunar<\/h2>\t\t\t\t<\/div>\n\t\t\t\t<div class=\"elementor-element elementor-element-0cc3a55 elementor-widget elementor-widget-heading\" data-id=\"0cc3a55\" data-element_type=\"widget\" data-e-type=\"widget\" data-widget_type=\"heading.default\">\n\t\t\t\t\t<h2 class=\"elementor-heading-title elementor-size-default\"><p data-start=\"57\" data-end=\"81\"><strong data-start=\"57\" data-end=\"81\">\u0130n\u015faat Hizmetleri<\/strong><span style=\"letter-spacing: 0px\"><\/span><\/p><\/h2>\t\t\t\t<\/div>\n\t\t\t\t<div class=\"elementor-element elementor-element-870c3a1 elementor-widget elementor-widget-heading\" data-id=\"870c3a1\" data-element_type=\"widget\" data-e-type=\"widget\" data-widget_type=\"heading.default\">\n\t\t\t\t\t<h2 class=\"elementor-heading-title elementor-size-default\">-\u015eantiye ve proje bazl\u0131 ince i\u015f\u00e7ilik destekleri.<\/h2>\t\t\t\t<\/div>\n\t\t\t\t<div class=\"elementor-element elementor-element-948405a elementor-widget elementor-widget-heading\" data-id=\"948405a\" data-element_type=\"widget\" data-e-type=\"widget\" data-widget_type=\"heading.default\">\n\t\t\t\t\t<h2 class=\"elementor-heading-title elementor-size-default\"><p data-start=\"57\" data-end=\"81\"><strong data-start=\"57\" data-end=\"81\">Lojistik Hizmetleri<\/strong><span style=\"letter-spacing: 0px\"><\/span><\/p><\/h2>\t\t\t\t<\/div>\n\t\t\t\t<div class=\"elementor-element elementor-element-3e622fe elementor-widget elementor-widget-heading\" data-id=\"3e622fe\" data-element_type=\"widget\" data-e-type=\"widget\" data-widget_type=\"heading.default\">\n\t\t\t\t\t<h2 class=\"elementor-heading-title elementor-size-default\"><p data-start=\"268\" data-end=\"342\">-Y\u00fckleme, bo\u015faltma ve operasyon destek s\u00fcre\u00e7leri.<\/p>\n<p data-start=\"344\" data-end=\"419\"><\/p><\/h2>\t\t\t\t<\/div>\n\t\t\t\t<div class=\"elementor-element elementor-element-9eb81ca elementor-widget elementor-widget-heading\" data-id=\"9eb81ca\" data-element_type=\"widget\" data-e-type=\"widget\" data-widget_type=\"heading.default\">\n\t\t\t\t\t<h2 class=\"elementor-heading-title elementor-size-default\"><p data-start=\"57\" data-end=\"81\"><strong data-start=\"344\" data-end=\"364\" style=\"letter-spacing: 0px\">Sosyal Hizmetler<\/strong><\/p><\/h2>\t\t\t\t<\/div>\n\t\t\t\t<div class=\"elementor-element elementor-element-841f3ab elementor-widget elementor-widget-heading\" data-id=\"841f3ab\" data-element_type=\"widget\" data-e-type=\"widget\" data-widget_type=\"heading.default\">\n\t\t\t\t\t<h2 class=\"elementor-heading-title elementor-size-default\"><p data-start=\"344\" data-end=\"419\">-G\u00fcnl\u00fck, d\u00f6nemsel ve ayl\u0131k personel temini \u00e7\u00f6z\u00fcmleri.<\/p><p data-start=\"268\" data-end=\"342\">\n<\/p><\/h2>\t\t\t\t<\/div>\n\t\t\t\t<\/div>\n\t\t<div class=\"elementor-element elementor-element-ce81d91 e-con-full e-flex e-con e-child\" data-id=\"ce81d91\" data-element_type=\"container\" data-e-type=\"container\">\n\t\t\t\t<div class=\"elementor-element elementor-element-fc3176d elementor-widget elementor-widget-heading\" data-id=\"fc3176d\" data-element_type=\"widget\" data-e-type=\"widget\" data-widget_type=\"heading.default\">\n\t\t\t\t\t<h2 class=\"elementor-heading-title elementor-size-default\"><p data-start=\"57\" data-end=\"81\"><strong data-start=\"57\" data-end=\"81\"> <\/strong><strong data-start=\"439\" data-end=\"461\" style=\"letter-spacing: 0px\">Temel Yakla\u015f\u0131m\u0131m\u0131z<\/strong><span style=\"letter-spacing: 0px\"><\/span><\/p>\n<p data-start=\"463\" data-end=\"548\"><\/p><\/h2>\t\t\t\t<\/div>\n\t\t\t\t<div class=\"elementor-element elementor-element-a4d2c04 elementor-widget elementor-widget-heading\" data-id=\"a4d2c04\" data-element_type=\"widget\" data-e-type=\"widget\" data-widget_type=\"heading.default\">\n\t\t\t\t\t<h2 class=\"elementor-heading-title elementor-size-default\"><span style=\"letter-spacing: 0px\">Hizmet s\u00fcre\u00e7lerinde g\u00fcvenilir, h\u0131zl\u0131 ve s\u00fcrd\u00fcr\u00fclebilir bir \u00e7al\u0131\u015fma modeli benimseriz.<\/span><br>\n<p data-start=\"550\" data-end=\"616\"><\/p><\/h2>\t\t\t\t<\/div>\n\t\t\t\t<div class=\"elementor-element elementor-element-e72dd2a elementor-widget elementor-widget-heading\" data-id=\"e72dd2a\" data-element_type=\"widget\" data-e-type=\"widget\" data-widget_type=\"heading.default\">\n\t\t\t\t\t<h2 class=\"elementor-heading-title elementor-size-default\"><p data-start=\"57\" data-end=\"81\"><strong data-start=\"439\" data-end=\"461\" style=\"letter-spacing: 0px\">G\u00fcven<\/strong><span style=\"letter-spacing: 0px\"><\/span><\/p><\/h2>\t\t\t\t<\/div>\n\t\t\t\t<div class=\"elementor-element elementor-element-a8ef5dd elementor-widget elementor-widget-heading\" data-id=\"a8ef5dd\" data-element_type=\"widget\" data-e-type=\"widget\" data-widget_type=\"heading.default\">\n\t\t\t\t\t<h2 class=\"elementor-heading-title elementor-size-default\">\u0130\u015f ortaklar\u0131m\u0131zla \u015feffaf ve g\u00fcvenilir hizmet anlay\u0131\u015f\u0131.<\/h2>\t\t\t\t<\/div>\n\t\t\t\t<div class=\"elementor-element elementor-element-2db2acb elementor-widget elementor-widget-heading\" data-id=\"2db2acb\" data-element_type=\"widget\" data-e-type=\"widget\" data-widget_type=\"heading.default\">\n\t\t\t\t\t<h2 class=\"elementor-heading-title elementor-size-default\"><p data-start=\"57\" data-end=\"81\"><span style=\"letter-spacing: 0px\"><b>H\u0131z<\/b><\/span><\/p><\/h2>\t\t\t\t<\/div>\n\t\t\t\t<div class=\"elementor-element elementor-element-644baa0 elementor-widget elementor-widget-heading\" data-id=\"644baa0\" data-element_type=\"widget\" data-e-type=\"widget\" data-widget_type=\"heading.default\">\n\t\t\t\t\t<h2 class=\"elementor-heading-title elementor-size-default\">\u0130htiya\u00e7lara h\u0131zl\u0131 d\u00f6n\u00fc\u015f ve pratik \u00e7\u00f6z\u00fcm \u00fcretme.<\/h2>\t\t\t\t<\/div>\n\t\t\t\t<div class=\"elementor-element elementor-element-8f7eb15 elementor-widget elementor-widget-heading\" data-id=\"8f7eb15\" data-element_type=\"widget\" data-e-type=\"widget\" data-widget_type=\"heading.default\">\n\t\t\t\t\t<h2 class=\"elementor-heading-title elementor-size-default\"><p data-start=\"57\" data-end=\"81\"><span style=\"letter-spacing: 0px\"><b>Disiplin<\/b><\/span><\/p><p data-start=\"57\" data-end=\"81\"><span style=\"letter-spacing: 0px\"><\/span><\/p><\/h2>\t\t\t\t<\/div>\n\t\t\t\t<div class=\"elementor-element elementor-element-a70ef3e elementor-widget elementor-widget-heading\" data-id=\"a70ef3e\" data-element_type=\"widget\" data-e-type=\"widget\" data-widget_type=\"heading.default\">\n\t\t\t\t\t<h2 class=\"elementor-heading-title elementor-size-default\"><p data-start=\"677\" data-end=\"744\">Planl\u0131, d\u00fczenli ve takip edilebilir \u00e7al\u0131\u015fma sistemi.<\/p>\n<p data-start=\"746\" data-end=\"819\"><\/p><\/h2>\t\t\t\t<\/div>\n\t\t\t\t<div class=\"elementor-element elementor-element-cc5a8e1 elementor-widget elementor-widget-heading\" data-id=\"cc5a8e1\" data-element_type=\"widget\" data-e-type=\"widget\" data-widget_type=\"heading.default\">\n\t\t\t\t\t<h2 class=\"elementor-heading-title elementor-size-default\"><p data-start=\"57\" data-end=\"81\"><strong data-start=\"439\" data-end=\"461\" style=\"letter-spacing: 0px\">S\u00fcrd\u00fcr\u00fclebilir Hizmet<\/strong><span style=\"letter-spacing: 0px\"><\/span><\/p>\n<p data-start=\"463\" data-end=\"548\"><\/p><\/h2>\t\t\t\t<\/div>\n\t\t\t\t<div class=\"elementor-element elementor-element-84d97b9 elementor-widget elementor-widget-heading\" data-id=\"84d97b9\" data-element_type=\"widget\" data-e-type=\"widget\" data-widget_type=\"heading.default\">\n\t\t\t\t\t<h2 class=\"elementor-heading-title elementor-size-default\"><p data-start=\"746\" data-end=\"819\">Uzun vadeli ve kurumsal i\u015f birli\u011fi yakla\u015f\u0131m\u0131.<\/p><\/h2>\t\t\t\t<\/div>\n\t\t\t\t<\/div>\n\t\t\t\t<\/div>\n\t\t\t\t<\/div>\n\t\t","protected":false},"excerpt":{"rendered":"<p>G\u00fcvenilir Personel Temini ve Lojistik Destek Hizmetleri Ertel Grup, i\u015fletmelerin ihtiya\u00e7 duydu\u011fu personel, lojistik ve saha destek \u00e7\u00f6z\u00fcmlerini g\u00fcvenilir ve d\u00fczenli bir hizmet anlay\u0131\u015f\u0131yla sunar. Kurumsal firmalara y\u00f6nelik esnek, h\u0131zl\u0131 ve profesyonel destek sa\u011flar. Faaliyet Alanlar\u0131m\u0131z Ertel Grup, farkl\u0131 sekt\u00f6rlerdeki i\u015fletmelerin saha ve operasyonel destek ihtiya\u00e7lar\u0131na y\u00f6nelik \u00e7\u00f6z\u00fcmler sunar \u0130n\u015faat Hizmetleri -\u015eantiye ve proje bazl\u0131 [&hellip;]<\/p>\n","protected":false},"author":1,"featured_media":0,"parent":0,"menu_order":0,"comment_status":"closed","ping_status":"closed","template":"","meta":{"footnotes":""},"class_list":["post-40","page","type-page","status-publish","hentry"],"_links":{"self":[{"href":"https:\/\/ertelgrup.com\/index.php\/wp-json\/wp\/v2\/pages\/40","targetHints":{"allow":["GET"]}}],"collection":[{"href":"https:\/\/ertelgrup.com\/index.php\/wp-json\/wp\/v2\/pages"}],"about":[{"href":"https:\/\/ertelgrup.com\/index.php\/wp-json\/wp\/v2\/types\/page"}],"author":[{"embeddable":true,"href":"https:\/\/ertelgrup.com\/index.php\/wp-json\/wp\/v2\/users\/1"}],"replies":[{"embeddable":true,"href":"https:\/\/ertelgrup.com\/index.php\/wp-json\/wp\/v2\/comments?post=40"}],"version-history":[{"count":287,"href":"https:\/\/ertelgrup.com\/index.php\/wp-json\/wp\/v2\/pages\/40\/revisions"}],"predecessor-version":[{"id":425,"href":"https:\/\/ertelgrup.com\/index.php\/wp-json\/wp\/v2\/pages\/40\/revisions\/425"}],"wp:attachment":[{"href":"https:\/\/ertelgrup.com\/index.php\/wp-json\/wp\/v2\/media?parent=40"}],"curies":[{"name":"wp","href":"https:\/\/api.w.org\/{rel}","templated":true}]}}